{"id":9105,"date":"2020-05-06T21:49:03","date_gmt":"2020-05-06T19:49:03","guid":{"rendered":"https:\/\/www.riomiel.com\/?post_type=product&#038;p=9105"},"modified":"2026-01-26T19:45:25","modified_gmt":"2026-01-26T18:45:25","slug":"riomiel-cacao-120gr","status":"publish","type":"product","link":"https:\/\/www.riomiel.com\/index.php\/product\/riomiel-cacao-120gr\/","title":{"rendered":"Mix de Miel"},"content":{"rendered":"<p>Mix de nuestra Miel de abejas RIOMIEL con <strong>CACAO<\/strong>\u00a0 org\u00e1nico, que da como resultado un producto de alto poder nutritivo y altamente energ\u00e9tico que podemos disfrutar tanto como crema untable, como, de los beneficios que aporta cada ingrediente.<\/p>\n<p>Es la fusi\u00f3n de nuestra Miel de abejas RIOMIEL con <strong>CANELA<\/strong> org\u00e1nica, que da como resultado un producto ideal para disfrutarlo cristalizado en t\u00e9s, caf\u00e9, infusiones o como dulce para untar.<\/p>\n<p>&nbsp;<\/p>\n","protected":false},"excerpt":{"rendered":"<p>Mix de nuestra Miel de abejas RIOMIEL con CACAO\u00a0 org\u00e1nico, que da como resultado un producto de alto poder nutritivo y altamente energ\u00e9tico que podemos disfrutar tanto como crema untable, como, de los beneficios que aporta cada ingrediente.<\/p>\n","protected":false},"featured_media":9528,"comment_status":"open","ping_status":"closed","template":"","meta":[],"product_cat":[57],"product_tag":[],"_links":{"self":[{"href":"https:\/\/www.riomiel.com\/index.php\/wp-json\/wp\/v2\/product\/9105"}],"collection":[{"href":"https:\/\/www.riomiel.com\/index.php\/wp-json\/wp\/v2\/product"}],"about":[{"href":"https:\/\/www.riomiel.com\/index.php\/wp-json\/wp\/v2\/types\/product"}],"replies":[{"embeddable":true,"href":"https:\/\/www.riomiel.com\/index.php\/wp-json\/wp\/v2\/comments?post=9105"}],"wp:featuredmedia":[{"embeddable":true,"href":"https:\/\/www.riomiel.com\/index.php\/wp-json\/wp\/v2\/media\/9528"}],"wp:attachment":[{"href":"https:\/\/www.riomiel.com\/index.php\/wp-json\/wp\/v2\/media?parent=9105"}],"wp:term":[{"taxonomy":"product_cat","embeddable":true,"href":"https:\/\/www.riomiel.com\/index.php\/wp-json\/wp\/v2\/product_cat?post=9105"},{"taxonomy":"product_tag","embeddable":true,"href":"https:\/\/www.riomiel.com\/index.php\/wp-json\/wp\/v2\/product_tag?post=9105"}],"curies":[{"name":"wp","href":"https:\/\/api.w.org\/{rel}","templated":true}]}}