{"id":9264,"date":"2020-07-16T21:41:31","date_gmt":"2020-07-16T19:41:31","guid":{"rendered":"https:\/\/www.riomiel.com\/?post_type=product&#038;p=9264"},"modified":"2026-02-07T15:21:44","modified_gmt":"2026-02-07T14:21:44","slug":"traje-apicola-tipo-americano-superventilado-riomiel","status":"publish","type":"product","link":"https:\/\/www.riomiel.com\/index.php\/product\/traje-apicola-tipo-americano-superventilado-riomiel\/","title":{"rendered":"Traje Ap\u00edcola tipo americano SuperVentilado RioMiel"},"content":{"rendered":"<p>&#8211; Traje Hecho en Colombia<\/p>\n<p>&#8211; Elaborado en malla de 3 capas y dril super 8.<\/p>\n<p>&#8211; El dise\u00f1o y las caracter\u00edsticas de la malla de 3 capas hace del traje un implemento muy fresco para el trabajo ap\u00edcola, y a su vez da m\u00e1s seguridad al apicultor y a la abeja puesto que la tridimensionalidad de la malla no permite que la abeja pique sobre malla, evitando grandes mortalidades de abejas en las labores de campo.<\/p>\n<p>&#8211; La malla de la careta es muy resistente y no es quebradiza.<\/p>\n<p>&#8211; El dise\u00f1o del traje tiene adecuado un bolsillo trasero para el uso de un camelback para la hidrataci\u00f3n (camelback no incluido en el precio).<\/p>\n<p>&#8211; En las mangas tiene el\u00e1stico que va sujeto al dedo pulgar para evitar que se recojan en el momento de ponerse los guantes.<\/p>\n<p>&#8211; Trae bolsillo lateral para palanca.<\/p>\n<p>&#8211; El traje no incluye guantes<\/p>\n<p>Si necesitas personalizar los trajes cont\u00e1ctanos por los canales que te ofrecemos en la p\u00e1gina.<\/p>\n","protected":false},"excerpt":{"rendered":"<p>Traje para apicultura superventilado tipo americano, elaborado con mallas de 3 capas y drill Super 8<\/p>\n","protected":false},"featured_media":9269,"comment_status":"open","ping_status":"closed","template":"","meta":[],"product_cat":[58],"product_tag":[],"_links":{"self":[{"href":"https:\/\/www.riomiel.com\/index.php\/wp-json\/wp\/v2\/product\/9264"}],"collection":[{"href":"https:\/\/www.riomiel.com\/index.php\/wp-json\/wp\/v2\/product"}],"about":[{"href":"https:\/\/www.riomiel.com\/index.php\/wp-json\/wp\/v2\/types\/product"}],"replies":[{"embeddable":true,"href":"https:\/\/www.riomiel.com\/index.php\/wp-json\/wp\/v2\/comments?post=9264"}],"wp:featuredmedia":[{"embeddable":true,"href":"https:\/\/www.riomiel.com\/index.php\/wp-json\/wp\/v2\/media\/9269"}],"wp:attachment":[{"href":"https:\/\/www.riomiel.com\/index.php\/wp-json\/wp\/v2\/media?parent=9264"}],"wp:term":[{"taxonomy":"product_cat","embeddable":true,"href":"https:\/\/www.riomiel.com\/index.php\/wp-json\/wp\/v2\/product_cat?post=9264"},{"taxonomy":"product_tag","embeddable":true,"href":"https:\/\/www.riomiel.com\/index.php\/wp-json\/wp\/v2\/product_tag?post=9264"}],"curies":[{"name":"wp","href":"https:\/\/api.w.org\/{rel}","templated":true}]}}